{"id":745,"date":"2016-03-10T18:51:46","date_gmt":"2016-03-10T18:51:46","guid":{"rendered":"https:\/\/default.houzez.co\/?page_id=745"},"modified":"2024-06-29T14:57:46","modified_gmt":"2024-06-29T14:57:46","slug":"terms-and-conditions","status":"publish","type":"page","link":"https:\/\/tinybay.pt\/pt\/terms-and-conditions\/","title":{"rendered":"Terms and Conditions"},"content":{"rendered":"<h2>Aceita\u00e7\u00e3o dos Termos<\/h2>\n<p>Ao aceder ou utilizar o site Tinybay (doravante denominado \u201co Site\u201d), concorda em cumprir e ficar vinculado a estes Termos e Condi\u00e7\u00f5es e a todas as leis e regulamentos aplic\u00e1veis. Se n\u00e3o concordar com algum destes termos, n\u00e3o est\u00e1 autorizado a utilizar o Site e dever\u00e1 parar imediatamente de o utilizar.<\/p>\n<h2>Utiliza\u00e7\u00e3o do Site<\/h2>\n<p>Concorda em utilizar o Site apenas para fins legais e de acordo com estes Termos e Condi\u00e7\u00f5es. Concorda em n\u00e3o utilizar o Site de qualquer forma que possa danificar, desativar, sobrecarregar ou prejudicar o Site, ou interferir com o uso e aproveitamento do Site por qualquer outra parte.<\/p>\n<h2>Registo de conta<\/h2>\n<p>To access certain features of the Site, it is necessary to register an account. You can do it manually from the registration button or by submitting a contact email to the TinyBay team. A confidential password will be generated and sent to the email provided. It is your responsibility to keep the password confidential, and you are responsible for all activities that occur under your account.<\/p>\n<h2>An\u00fancios de produtos<\/h2>\n<p>O Site permite \u00e0s empresas fabricantes publicitar os seus produtos. A Tinybay n\u00e3o se responsabiliza pelo conte\u00fado dos an\u00fancios nem pela qualidade dos produtos anunciados. Os utilizadores interessados \u200b\u200bdever\u00e3o contactar diretamente as empresas fabricantes para obter informa\u00e7\u00f5es adicionais sobre os produtos anunciados.<\/p>\n<h2>Propriedade intelectual<\/h2>\n<p>O Site e todo o seu conte\u00fado, caracter\u00edsticas e funcionalidades (incluindo, entre outros, textos, gr\u00e1ficos, log\u00f3tipos, \u00edcones, imagens, \u00e1udios e v\u00eddeos) s\u00e3o propriedade exclusiva da Tinybay ou dos seus licenciadores e est\u00e3o protegidos pelas leis de propriedade intelectual. marcas registadas, entre outras regulamenta\u00e7\u00f5es aplic\u00e1veis.<\/p>\n<h2>Limita\u00e7\u00e3o de responsabilidade<\/h2>\n<p>Em caso algum a Tinybay ser\u00e1 respons\u00e1vel por quaisquer danos diretos, indiretos, acidentais, especiais, consequenciais ou punitivos, incluindo, sem limita\u00e7\u00e3o, perda de lucros, dados, utiliza\u00e7\u00e3o, goodwill ou outras perdas intang\u00edveis, resultantes de:<\/p>\n<p>(i) O seu acesso ou utiliza\u00e7\u00e3o do Site;<\/p>\n<p>(ii) Qualquer conduta ou conte\u00fado de terceiros no Site;<\/p>\n<p>(iii) Qualquer conte\u00fado obtido do Site; e<\/p>\n<p>(iv) Acesso, utiliza\u00e7\u00e3o ou altera\u00e7\u00e3o n\u00e3o autorizada das suas transmiss\u00f5es ou conte\u00fados.<\/p>\n<p>Esta limita\u00e7\u00e3o de responsabilidade aplica-se, sem limita\u00e7\u00e3o, a qualquer dano ou preju\u00edzo causado por qualquer falha de desempenho, erro, omiss\u00e3o, interrup\u00e7\u00e3o, elimina\u00e7\u00e3o, defeito, atraso na opera\u00e7\u00e3o ou transmiss\u00e3o, v\u00edrus de computador, falha na linha de comunica\u00e7\u00e3o, roubo ou destrui\u00e7\u00e3o ou acesso n\u00e3o autorizado , altera\u00e7\u00e3o ou utiliza\u00e7\u00e3o de registos, seja por incumprimento contratual, comportamento il\u00edcito, neglig\u00eancia ou qualquer outra causa de a\u00e7\u00e3o.<\/p>\n<h2>Altera\u00e7\u00f5es aos Termos e Condi\u00e7\u00f5es<\/h2>\n<p>Reservamo-nos o direito de, a nosso exclusivo crit\u00e9rio, modificar ou substituir estes Termos e Condi\u00e7\u00f5es a qualquer momento. Se uma revis\u00e3o for material, tentaremos fornecer um aviso com pelo menos 30 dias de anteced\u00eancia antes de quaisquer novos termos entrarem em vigor. O que constitui uma altera\u00e7\u00e3o material ser\u00e1 determinado a nosso exclusivo crit\u00e9rio.<\/p>\n<h2>Contato<\/h2>\n<p>Se tiver alguma d\u00favida sobre estes Termos e Condi\u00e7\u00f5es, contacte-nos em <a target=\"_new\" rel=\"noopener\">tinybay@gmail.com<\/a>.<\/p>","protected":false},"excerpt":{"rendered":"<p>Acceptance of Terms By accessing or using the Tinybay website (hereinafter referred to as &#8220;the Site&#8221;), you agree to comply with and be bound by these Terms and Conditions and all applicable laws and regulations. If you do not agree with any of these terms, you are not authorized to use the Site and should [&hellip;]<\/p>","protected":false},"author":1,"featured_media":0,"parent":0,"menu_order":0,"comment_status":"closed","ping_status":"closed","template":"","meta":{"footnotes":""},"class_list":["post-745","page","type-page","status-publish","hentry"],"_links":{"self":[{"href":"https:\/\/tinybay.pt\/pt\/wp-json\/wp\/v2\/pages\/745"}],"collection":[{"href":"https:\/\/tinybay.pt\/pt\/wp-json\/wp\/v2\/pages"}],"about":[{"href":"https:\/\/tinybay.pt\/pt\/wp-json\/wp\/v2\/types\/page"}],"author":[{"embeddable":true,"href":"https:\/\/tinybay.pt\/pt\/wp-json\/wp\/v2\/users\/1"}],"replies":[{"embeddable":true,"href":"https:\/\/tinybay.pt\/pt\/wp-json\/wp\/v2\/comments?post=745"}],"version-history":[{"count":4,"href":"https:\/\/tinybay.pt\/pt\/wp-json\/wp\/v2\/pages\/745\/revisions"}],"predecessor-version":[{"id":17649,"href":"https:\/\/tinybay.pt\/pt\/wp-json\/wp\/v2\/pages\/745\/revisions\/17649"}],"wp:attachment":[{"href":"https:\/\/tinybay.pt\/pt\/wp-json\/wp\/v2\/media?parent=745"}],"curies":[{"name":"wp","href":"https:\/\/api.w.org\/{rel}","templated":true}]}}